{"id":12911,"date":"2016-08-18T09:03:57","date_gmt":"2016-08-18T08:03:57","guid":{"rendered":"https:\/\/flexor.pl\/about-us\/"},"modified":"2025-02-13T14:23:58","modified_gmt":"2025-02-13T14:23:58","slug":"about-us","status":"publish","type":"page","link":"https:\/\/flexor.pl\/de\/about-us\/","title":{"rendered":"\u00dcber uns"},"content":{"rendered":"<p>[vc_row content_placement=&#8220;middle&#8220;][vc_column width=&#8220;1\/6&#8243;][vc_column_text]<img loading=\"lazy\" decoding=\"async\" class=\"alignnone size-full wp-image-13893\" src=\"https:\/\/flexor.pl\/wp-content\/uploads\/2024\/09\/Flexor_David-Artemyev_150px.png\" alt=\"\" width=\"147\" height=\"150\" \/>[\/vc_column_text][\/vc_column][vc_column width=&#8220;2\/3&#8243;][vc_column_text]<strong>David Artemyev<\/strong><br \/>\nNeuer Vertriebsleiter<br \/>\n<a href=\"&#x6d;&#97;i&#x6c;&#116;o&#x3a;&#100;a&#x76;&#105;d&#x2e;&#97;r&#x74;&#x65;m&#x79;&#x65;&#118;&#x40;&#x66;&#108;&#x65;&#x78;&#111;r&#x2e;&#112;l\">d&#97;&#118;&#x69;&#x64;&#46;a&#114;&#116;&#x65;&#x6d;ye&#118;&#64;&#x66;&#x6c;ex&#111;&#x72;&#x2e;&#x70;l<\/a>[\/vc_column_text][\/vc_column][vc_column width=&#8220;1\/6&#8243;][\/vc_column][\/vc_row][vc_row][vc_column width=&#8220;1\/6&#8243;][vc_column_text]<img loading=\"lazy\" decoding=\"async\" class=\"alignnone size-full wp-image-13918\" src=\"https:\/\/flexor.pl\/wp-content\/uploads\/2024\/10\/Rafal_Batiuk_rund_150.png\" alt=\"\" width=\"150\" height=\"151\" \/>[\/vc_column_text][\/vc_column][vc_column width=&#8220;2\/3&#8243;][vc_column_text css=&#8220;.vc_custom_1729235874936{padding-top: 20px !important;}&#8220;]Rafa\u0142 Batiuk<br \/>\nNeuer technischer Leiter<br \/>\n<a href=\"&#109;&#x61;&#105;&#x6c;&#116;&#x6f;&#58;&#x72;&#97;&#x66;&#97;&#x6c;&#46;&#x62;a&#x74;i&#x75;k&#x40;f&#x6c;e&#120;&#x6f;&#114;&#x2e;&#112;&#x6c;\">&#114;&#x61;&#102;&#x61;l&#x2e;b&#97;&#x74;&#105;&#x75;k&#x40;f&#108;&#x65;&#120;&#x6f;r&#x2e;p&#108;<\/a>[\/vc_column_text][\/vc_column][vc_column width=&#8220;1\/6&#8243;][\/vc_column][\/vc_row][vc_row][vc_column width=&#8220;1\/6&#8243;][vc_column_text]<img loading=\"lazy\" decoding=\"async\" class=\"alignnone size-full wp-image-13935\" src=\"https:\/\/flexor.pl\/wp-content\/uploads\/2025\/02\/Maria_Szatkowska_rund.png\" alt=\"\" width=\"157\" height=\"150\" \/>[\/vc_column_text][\/vc_column][vc_column width=&#8220;2\/3&#8243;][vc_column_text]<strong>Maria Szatkowska<\/strong><br \/>\nSales Multitec Poland<br \/>\nSales Flexor Poland<br \/>\nService and Spare Parts International<br \/>\n<a href=\"&#x6d;&#97;i&#x6c;&#116;o&#x3a;&#109;a&#x72;&#105;a&#x2e;&#115;z&#x61;&#x74;k&#x6f;&#x77;&#115;&#x6b;&#x61;&#64;&#x66;&#x6c;&#101;x&#x6f;&#114;&#46;&#x70;&#108;\">ma&#114;&#105;&#97;&#x2e;&#x73;&#x7a;&#x61;&#x74;ko&#119;&#115;&#107;&#x61;&#x40;&#x66;&#x6c;&#x65;xo&#114;&#46;&#112;&#x6c;<\/a>[\/vc_column_text][\/vc_column][vc_column width=&#8220;1\/6&#8243;][\/vc_column][\/vc_row][vc_row el_class=&#8220;flx-connector-block flx-connector-left double-extra-spacing-top wow slideInUp&#8220;][vc_column width=&#8220;1\/3&#8243;][vc_column_text el_class=&#8220;flx-connector-container&#8220;]<div class=\"flx-connector\">\n\n                <svg class=\"connector-dots\">\n                \n                    <line \n                        x1=\"0\" x2=\"9999\" \n                        y1=\"0\" y2=\"0\" \n                        stroke=\"#e5e5e5\" \n                        stroke-width=\"14\" \n                        stroke-linecap=\"round\" \n                        stroke-dasharray=\"1, 30\" \/>\n                \n                    <line x1=\"0\" x2=\"0\"y1=\"0\" y2=\"9999\" \n                        stroke=\"#e5e5e5\" \n                        stroke-width=\"14\" \n                        stroke-linecap=\"round\" \n                        stroke-dasharray=\"1, 30\" \/>\n                <\/svg>\n                \n            <\/div>[\/vc_column_text][\/vc_column][vc_column width=&#8220;2\/3&#8243; el_class=&#8220;flx-connector-text wow slideInUp&#8220;][vc_single_image image=&#8220;5931&#8243; img_size=&#8220;full&#8220; el_class=&#8220;flx-round-image flx-img-border&#8220;][vc_column_text el_class=&#8220;flx-connector-text-container&#8220;]<\/p>\n<h2><strong>Qualit\u00e4t und Zuverl\u00e4ssigkeit<\/strong><\/h2>\n<p><span style=\"font-weight: 400;\">Die Erfahrung und Liebe zum Detail unseres Design-, Produktions- und Service Teams garantiert, dass alle Flexor Produkte in der Handhabung <strong>einfach zu bedienende Maschinen<\/strong> sind, die mit<strong> hochqualitativen Komponenten gebaut sind.<\/strong><\/span>[\/vc_column_text][\/vc_column][\/vc_row][vc_row el_class=&#8220;flx-connector-block flx-connector-right&#8220;][vc_column width=&#8220;2\/3&#8243; el_class=&#8220;flx-connector-text wow slideInUp&#8220;][vc_single_image image=&#8220;5922&#8243; img_size=&#8220;full&#8220; el_class=&#8220;flx-round-image flx-img-border wow zoomIn&#8220;][vc_column_text el_class=&#8220;flx-connector-text-container&#8220;]<\/p>\n<h2><strong>Service &amp; Support<\/strong><\/h2>\n<p><span style=\"font-weight: 400;\">Uns ist bewusst, dass jeder unserer Kunden in einem hart umk\u00e4mpften Markt produziert. Wir garantieren Ihnen daher, dass wir auf Anfragen von Ihrer Seite schnell und l\u00f6sungsorientiert antworten.<\/span><\/p>\n<p><span style=\"font-weight: 400;\">Falls n\u00f6tig sind unsere Partner <strong>in der Lage jederzeit vor Ort Unterst\u00fctzung zu gew\u00e4hrleisten<\/strong>. Unser Support-Team steht Ihnen immer zur Verf\u00fcgung, um Fehlerbehebungen jederzeit durchzuf\u00fchren &#8211; ein Anruf hierf\u00fcr gen\u00fcgt.<\/span>[\/vc_column_text][\/vc_column][vc_column width=&#8220;1\/3&#8243;][vc_column_text el_class=&#8220;flx-connector-container&#8220;]<div class=\"flx-connector\">\n\n                <svg class=\"connector-dots\">\n                \n                    <line \n                        x1=\"0\" x2=\"9999\" \n                        y1=\"0\" y2=\"0\" \n                        stroke=\"#e5e5e5\" \n                        stroke-width=\"14\" \n                        stroke-linecap=\"round\" \n                        stroke-dasharray=\"1, 30\" \/>\n                \n                    <line x1=\"100%\" x2=\"100%\"y1=\"0\" y2=\"9999\" \n                        stroke=\"#e5e5e5\" \n                        stroke-width=\"14\" \n                        stroke-linecap=\"round\" \n                        stroke-dasharray=\"1, 30\" \/>\n                <\/svg>\n                \n            <\/div>[\/vc_column_text][\/vc_column][\/vc_row][vc_row el_class=&#8220;flx-connector-block flx-connector-left&#8220;][vc_column width=&#8220;1\/3&#8243;][vc_column_text el_class=&#8220;flx-connector-container&#8220;]<div class=\"flx-connector\">\n\n                <svg class=\"connector-dots\">\n                \n                    <line \n                        x1=\"0\" x2=\"9999\" \n                        y1=\"0\" y2=\"0\" \n                        stroke=\"#e5e5e5\" \n                        stroke-width=\"14\" \n                        stroke-linecap=\"round\" \n                        stroke-dasharray=\"1, 30\" \/>\n                \n                    <line x1=\"0\" x2=\"0\"y1=\"0\" y2=\"9999\" \n                        stroke=\"#e5e5e5\" \n                        stroke-width=\"14\" \n                        stroke-linecap=\"round\" \n                        stroke-dasharray=\"1, 30\" \/>\n                <\/svg>\n                \n            <\/div>[\/vc_column_text][\/vc_column][vc_column width=&#8220;2\/3&#8243; el_class=&#8220;flx-connector-text wow slideInUp&#8220;][vc_single_image image=&#8220;5928&#8243; img_size=&#8220;full&#8220; el_class=&#8220;flx-round-image flx-img-border wow zoomIn&#8220;][vc_column_text el_class=&#8220;flx-connector-text-container&#8220;]<\/p>\n<h2><strong>Innovation<\/strong><\/h2>\n<p><strong>Wir wollen dazu beitragen, dass unsere Kunden sich in einem hart umk\u00e4mpften Markt einen Vorteil gegen\u00fcber der Konkurrenz herausarbeiten k\u00f6nnen.<\/strong><\/p>\n<p><span style=\"font-weight: 400;\">Wir streben immer nach Verbesserungen. Unser Ziel ist es daher unsere Kunden mit der bestm\u00f6glichen Qualit\u00e4t zu versorgen. Wir hinterfragen uns dabei immer selber, bevor wir von anderen etwas verlangen oder kritisieren.<\/span><\/p>\n<p><span style=\"font-weight: 400;\">Durch unser<\/span><span style=\"font-weight: 400;\"> professionell<\/span><span style=\"font-weight: 400;\">es Arbeiten verfolgen wir die h\u00f6chsten Ziele und schaffen damit Produkte, die Ihre Produktivit\u00e4t steigern, egal in welchem Land sie produzieren.<\/span>[\/vc_column_text][\/vc_column][\/vc_row][vc_row el_class=&#8220;flx-connector-block flx-connector-right last&#8220;][vc_column width=&#8220;2\/3&#8243; el_class=&#8220;flx-connector-text wow slideInUp&#8220;][vc_single_image image=&#8220;5925&#8243; img_size=&#8220;full&#8220; el_class=&#8220;flx-round-image flx-img-border wow zoomIn&#8220;][vc_column_text el_class=&#8220;flx-connector-text-container&#8220;]<\/p>\n<h2><strong>Flexibilit\u00e4t<\/strong><\/h2>\n<p><span style=\"font-weight: 400;\">Unsere Erfahrung hat gezeigt, dass kein Kunde genau die gleichen Anwendungsbereiche f\u00fcr unsere Maschinen hat.\u00a0 Jeder unserer Kunden hat unterschiedliche Anforderungen und arbeitet ineinem spezifischen T\u00e4tigkeitsfeld. Unsere Maschinen werden daf\u00fcr an die <strong>kundenspezifischen W\u00fcnsche<\/strong> angepasst, um eine weite Bandbreite von Anforderungen erf\u00fcllen zu k\u00f6nnen.<\/span><\/p>\n<p><span style=\"font-weight: 400;\">Unsere Maschinen werden <strong>modular konstruiert<\/strong>. Weitere Bestandteile und Erweiterungen k\u00f6nnen daher mit der Zeit entfernt oder hinzugef\u00fcgt werden, um die Maschinen an die Bed\u00fcrfnisse Ihrer Produktion anzupassen. Unser Support Team unterst\u00fctzt Sie dabei zu kl\u00e4ren, wie Sie bestimmte Auftragsanforderungen umsetzen k\u00f6nnen.<\/span>[\/vc_column_text][\/vc_column][vc_column width=&#8220;1\/3&#8243;][\/vc_column][\/vc_row][vc_row full_width=&#8220;stretch_row_content_no_spaces&#8220;][vc_column][vc_column_text]<div class=\"templatera_shortcode\"><div data-vc-full-width=\"true\" data-vc-full-width-init=\"false\" class=\"vc_row wpb_row vc_row-fluid cta cta-orange\"><div class=\"wpb_column vc_column_container vc_col-sm-12\"><div class=\"vc_column-inner\"><div class=\"wpb_wrapper\">\n\t<div class=\"wpb_text_column wpb_content_element  wow slideInUp\" >\n\t\t<div class=\"wpb_wrapper\">\n\t\t\t<div class=\"cta-container\"><div class=\"cta-text\">Ready to get started?<\/div><a href=\"https:\/\/flexor.pl\/de\/find-my-flexor\/\"><button class=\"cta-button\">Finden Sie Ihre Flexor<\/button><\/a><\/div>\n\n\t\t<\/div>\n\t<\/div>\n<\/div><\/div><\/div><\/div><div class=\"vc_row-full-width vc_clearfix\"><\/div><\/div>[\/vc_column_text][\/vc_column][\/vc_row][vc_row full_width=&#8220;stretch_row_content_no_spaces&#8220;][vc_column][vc_column_text]<div class=\"templatera_shortcode\"><div data-vc-full-width=\"true\" data-vc-full-width-init=\"false\" data-vc-stretch-content=\"true\" class=\"vc_row wpb_row vc_row-fluid double-extra-spacing-top extra-spacing-bottom vc_row-no-padding vc_row-o-equal-height vc_row-o-content-middle vc_row-flex\"><div class=\"wpb_column vc_column_container vc_col-sm-3\"><div class=\"vc_column-inner\"><div class=\"wpb_wrapper\">\n\t<div  class=\"wpb_single_image wpb_content_element vc_align_left   wow slideInUp\">\n\t\t\n\t\t<figure class=\"wpb_wrapper vc_figure\">\n\t\t\t<div class=\"vc_single_image-wrapper   vc_box_border_grey\"><img loading=\"lazy\" decoding=\"async\" width=\"512\" height=\"247\" src=\"https:\/\/flexor.pl\/wp-content\/uploads\/2016\/08\/lex.png\" class=\"vc_single_image-img attachment-full\" alt=\"\" \/><\/div>\n\t\t<\/figure>\n\t<\/div>\n<\/div><\/div><\/div><div class=\"wpb_column vc_column_container vc_col-sm-9\"><div class=\"vc_column-inner\"><div class=\"wpb_wrapper\">\n\t<div class=\"wpb_text_column wpb_content_element  cta-custom-machines-text wow slideInUp\" >\n\t\t<div class=\"wpb_wrapper\">\n\t\t\t<h2>\u201cUnsere Maschinen sind gemacht f\u00fcr Sie, damit Sie sich nicht an die Maschinen anpassen m\u00fcssen!\u201d<\/h2>\n<p>Every Flexor machine is <strong>built to order<\/strong>. Our mechanical design team will work with you closely to provide a machine which meets your specific requirements. We stand out from the crowd because of <strong>our unique and flexible approach<\/strong>. This is all made possible by having the full design, build &amp; testing process in-house.<\/p>\n\n\t\t<\/div>\n\t<\/div>\n<\/div><\/div><\/div><\/div><div class=\"vc_row-full-width vc_clearfix\"><\/div><\/div>[\/vc_column_text][\/vc_column][\/vc_row]<\/p>\n","protected":false},"excerpt":{"rendered":"\u201cUnsere Maschinen sind gemacht f\u00fcr Sie, damit Sie sich nicht an die Maschinen anpassen m\u00fcssen!\u201d Every Flexor machine is built to order. Our mechanical design team will work with you closely to provide a machine which meets your specific requirements. We stand out from the crowd because of our unique and flexible approach. This is [...]","protected":false},"author":1,"featured_media":0,"parent":0,"menu_order":0,"comment_status":"closed","ping_status":"closed","template":"","meta":{"_acf_changed":false,"_custom_body_class":"","_custom_post_class":"","footnotes":""},"class_list":["post-12911","page","type-page","status-publish","hentry"],"acf":[],"yoast_head":"<!-- This site is optimized with the Yoast SEO plugin v23.4 - https:\/\/yoast.com\/wordpress\/plugins\/seo\/ -->\n<title>\u00dcber uns &#8226; Flexor<\/title>\n<meta name=\"robots\" content=\"index, follow, max-snippet:-1, max-image-preview:large, max-video-preview:-1\" \/>\n<link rel=\"canonical\" href=\"https:\/\/flexor.pl\/de\/about-us\/\" \/>\n<meta property=\"og:locale\" content=\"de_DE\" \/>\n<meta property=\"og:type\" content=\"article\" \/>\n<meta property=\"og:title\" content=\"\u00dcber uns &#8226; Flexor\" \/>\n<meta property=\"og:url\" content=\"https:\/\/flexor.pl\/de\/about-us\/\" \/>\n<meta property=\"og:site_name\" content=\"Flexor\" \/>\n<meta property=\"article:modified_time\" content=\"2025-02-13T14:23:58+00:00\" \/>\n<meta property=\"og:image\" content=\"https:\/\/flexor.pl\/wp-content\/uploads\/2024\/09\/Flexor_David-Artemyev_150px.png\" \/>\n<meta name=\"twitter:card\" content=\"summary_large_image\" \/>\n<meta name=\"twitter:label1\" content=\"Gesch\u00e4tzte Lesezeit\" \/>\n\t<meta name=\"twitter:data1\" content=\"4\u00a0Minuten\" \/>\n<script type=\"application\/ld+json\" class=\"yoast-schema-graph\">{\"@context\":\"https:\/\/schema.org\",\"@graph\":[{\"@type\":\"WebPage\",\"@id\":\"https:\/\/flexor.pl\/de\/about-us\/\",\"url\":\"https:\/\/flexor.pl\/de\/about-us\/\",\"name\":\"\u00dcber uns &#8226; Flexor\",\"isPartOf\":{\"@id\":\"https:\/\/flexor.pl\/de\/#website\"},\"primaryImageOfPage\":{\"@id\":\"https:\/\/flexor.pl\/de\/about-us\/#primaryimage\"},\"image\":{\"@id\":\"https:\/\/flexor.pl\/de\/about-us\/#primaryimage\"},\"thumbnailUrl\":\"https:\/\/flexor.pl\/wp-content\/uploads\/2024\/09\/Flexor_David-Artemyev_150px.png\",\"datePublished\":\"2016-08-18T08:03:57+00:00\",\"dateModified\":\"2025-02-13T14:23:58+00:00\",\"breadcrumb\":{\"@id\":\"https:\/\/flexor.pl\/de\/about-us\/#breadcrumb\"},\"inLanguage\":\"de\",\"potentialAction\":[{\"@type\":\"ReadAction\",\"target\":[\"https:\/\/flexor.pl\/de\/about-us\/\"]}]},{\"@type\":\"ImageObject\",\"inLanguage\":\"de\",\"@id\":\"https:\/\/flexor.pl\/de\/about-us\/#primaryimage\",\"url\":\"https:\/\/flexor.pl\/wp-content\/uploads\/2024\/09\/Flexor_David-Artemyev_150px.png\",\"contentUrl\":\"https:\/\/flexor.pl\/wp-content\/uploads\/2024\/09\/Flexor_David-Artemyev_150px.png\"},{\"@type\":\"BreadcrumbList\",\"@id\":\"https:\/\/flexor.pl\/de\/about-us\/#breadcrumb\",\"itemListElement\":[{\"@type\":\"ListItem\",\"position\":1,\"name\":\"Home\",\"item\":\"https:\/\/flexor.pl\/de\/\"},{\"@type\":\"ListItem\",\"position\":2,\"name\":\"\u00dcber uns\"}]},{\"@type\":\"WebSite\",\"@id\":\"https:\/\/flexor.pl\/de\/#website\",\"url\":\"https:\/\/flexor.pl\/de\/\",\"name\":\"Flexor\",\"description\":\"Innovationen f\u00fcr die Zukunft\",\"publisher\":{\"@id\":\"https:\/\/flexor.pl\/de\/#organization\"},\"potentialAction\":[{\"@type\":\"SearchAction\",\"target\":{\"@type\":\"EntryPoint\",\"urlTemplate\":\"https:\/\/flexor.pl\/de\/?s={search_term_string}\"},\"query-input\":{\"@type\":\"PropertyValueSpecification\",\"valueRequired\":true,\"valueName\":\"search_term_string\"}}],\"inLanguage\":\"de\"},{\"@type\":\"Organization\",\"@id\":\"https:\/\/flexor.pl\/de\/#organization\",\"name\":\"Flexor\",\"url\":\"https:\/\/flexor.pl\/de\/\",\"logo\":{\"@type\":\"ImageObject\",\"inLanguage\":\"de\",\"@id\":\"https:\/\/flexor.pl\/de\/#\/schema\/logo\/image\/\",\"url\":\"https:\/\/flexor.pl\/wp-content\/uploads\/2012\/06\/Flexor_logo_302x230.jpg\",\"contentUrl\":\"https:\/\/flexor.pl\/wp-content\/uploads\/2012\/06\/Flexor_logo_302x230.jpg\",\"width\":302,\"height\":230,\"caption\":\"Flexor\"},\"image\":{\"@id\":\"https:\/\/flexor.pl\/de\/#\/schema\/logo\/image\/\"}}]}<\/script>\n<!-- \/ Yoast SEO plugin. -->","yoast_head_json":{"title":"\u00dcber uns &#8226; Flexor","robots":{"index":"index","follow":"follow","max-snippet":"max-snippet:-1","max-image-preview":"max-image-preview:large","max-video-preview":"max-video-preview:-1"},"canonical":"https:\/\/flexor.pl\/de\/about-us\/","og_locale":"de_DE","og_type":"article","og_title":"\u00dcber uns &#8226; Flexor","og_url":"https:\/\/flexor.pl\/de\/about-us\/","og_site_name":"Flexor","article_modified_time":"2025-02-13T14:23:58+00:00","og_image":[{"url":"https:\/\/flexor.pl\/wp-content\/uploads\/2024\/09\/Flexor_David-Artemyev_150px.png"}],"twitter_card":"summary_large_image","twitter_misc":{"Gesch\u00e4tzte Lesezeit":"4\u00a0Minuten"},"schema":{"@context":"https:\/\/schema.org","@graph":[{"@type":"WebPage","@id":"https:\/\/flexor.pl\/de\/about-us\/","url":"https:\/\/flexor.pl\/de\/about-us\/","name":"\u00dcber uns &#8226; Flexor","isPartOf":{"@id":"https:\/\/flexor.pl\/de\/#website"},"primaryImageOfPage":{"@id":"https:\/\/flexor.pl\/de\/about-us\/#primaryimage"},"image":{"@id":"https:\/\/flexor.pl\/de\/about-us\/#primaryimage"},"thumbnailUrl":"https:\/\/flexor.pl\/wp-content\/uploads\/2024\/09\/Flexor_David-Artemyev_150px.png","datePublished":"2016-08-18T08:03:57+00:00","dateModified":"2025-02-13T14:23:58+00:00","breadcrumb":{"@id":"https:\/\/flexor.pl\/de\/about-us\/#breadcrumb"},"inLanguage":"de","potentialAction":[{"@type":"ReadAction","target":["https:\/\/flexor.pl\/de\/about-us\/"]}]},{"@type":"ImageObject","inLanguage":"de","@id":"https:\/\/flexor.pl\/de\/about-us\/#primaryimage","url":"https:\/\/flexor.pl\/wp-content\/uploads\/2024\/09\/Flexor_David-Artemyev_150px.png","contentUrl":"https:\/\/flexor.pl\/wp-content\/uploads\/2024\/09\/Flexor_David-Artemyev_150px.png"},{"@type":"BreadcrumbList","@id":"https:\/\/flexor.pl\/de\/about-us\/#breadcrumb","itemListElement":[{"@type":"ListItem","position":1,"name":"Home","item":"https:\/\/flexor.pl\/de\/"},{"@type":"ListItem","position":2,"name":"\u00dcber uns"}]},{"@type":"WebSite","@id":"https:\/\/flexor.pl\/de\/#website","url":"https:\/\/flexor.pl\/de\/","name":"Flexor","description":"Innovationen f\u00fcr die Zukunft","publisher":{"@id":"https:\/\/flexor.pl\/de\/#organization"},"potentialAction":[{"@type":"SearchAction","target":{"@type":"EntryPoint","urlTemplate":"https:\/\/flexor.pl\/de\/?s={search_term_string}"},"query-input":{"@type":"PropertyValueSpecification","valueRequired":true,"valueName":"search_term_string"}}],"inLanguage":"de"},{"@type":"Organization","@id":"https:\/\/flexor.pl\/de\/#organization","name":"Flexor","url":"https:\/\/flexor.pl\/de\/","logo":{"@type":"ImageObject","inLanguage":"de","@id":"https:\/\/flexor.pl\/de\/#\/schema\/logo\/image\/","url":"https:\/\/flexor.pl\/wp-content\/uploads\/2012\/06\/Flexor_logo_302x230.jpg","contentUrl":"https:\/\/flexor.pl\/wp-content\/uploads\/2012\/06\/Flexor_logo_302x230.jpg","width":302,"height":230,"caption":"Flexor"},"image":{"@id":"https:\/\/flexor.pl\/de\/#\/schema\/logo\/image\/"}}]}},"_links":{"self":[{"href":"https:\/\/flexor.pl\/de\/wp-json\/wp\/v2\/pages\/12911","targetHints":{"allow":["GET"]}}],"collection":[{"href":"https:\/\/flexor.pl\/de\/wp-json\/wp\/v2\/pages"}],"about":[{"href":"https:\/\/flexor.pl\/de\/wp-json\/wp\/v2\/types\/page"}],"author":[{"embeddable":true,"href":"https:\/\/flexor.pl\/de\/wp-json\/wp\/v2\/users\/1"}],"replies":[{"embeddable":true,"href":"https:\/\/flexor.pl\/de\/wp-json\/wp\/v2\/comments?post=12911"}],"version-history":[{"count":2,"href":"https:\/\/flexor.pl\/de\/wp-json\/wp\/v2\/pages\/12911\/revisions"}],"predecessor-version":[{"id":13938,"href":"https:\/\/flexor.pl\/de\/wp-json\/wp\/v2\/pages\/12911\/revisions\/13938"}],"wp:attachment":[{"href":"https:\/\/flexor.pl\/de\/wp-json\/wp\/v2\/media?parent=12911"}],"curies":[{"name":"wp","href":"https:\/\/api.w.org\/{rel}","templated":true}]}}